{"id":1307,"date":"2019-07-10T10:45:10","date_gmt":"2019-07-10T10:45:10","guid":{"rendered":"https:\/\/galapagos.raed.academy\/videos\/"},"modified":"2019-12-17T09:59:14","modified_gmt":"2019-12-17T09:59:14","slug":"videos","status":"publish","type":"page","link":"https:\/\/galapagos.raed.academy\/en\/videos\/","title":{"rendered":"Videos"},"content":{"rendered":"<p>[et_pb_section fb_built=&#8221;1&#8243; _builder_version=&#8221;3.22.7&#8243; fb_built=&#8221;1&#8243; _i=&#8221;0&#8243; _address=&#8221;0&#8243;][et_pb_row _builder_version=&#8221;3.25&#8243; _i=&#8221;0&#8243; _address=&#8221;0.0&#8243;][et_pb_column type=&#8221;4_4&#8243; _builder_version=&#8221;3.25&#8243; custom_padding=&#8221;|||&#8221; _i=&#8221;0&#8243; _address=&#8221;0.0.0&#8243; custom_padding__hover=&#8221;|||&#8221;][et_pb_post_title _builder_version=&#8221;3.22.7&#8243; _i=&#8221;0&#8243; _address=&#8221;0.0.0.0&#8243;][\/et_pb_post_title][\/et_pb_column][\/et_pb_row][\/et_pb_section][et_pb_section fb_built=&#8221;1&#8243; module_id=&#8221;videos&#8221; _builder_version=&#8221;3.22.7&#8243; fb_built=&#8221;1&#8243; _i=&#8221;1&#8243; _address=&#8221;1&#8243;][et_pb_row use_custom_gutter=&#8221;on&#8221; gutter_width=&#8221;1&#8243; make_equal=&#8221;on&#8221; _builder_version=&#8221;3.29.3&#8243; width=&#8221;100%&#8221; hover_enabled=&#8221;0&#8243; _i=&#8221;0&#8243; _address=&#8221;1.0&#8243; locked=&#8221;off&#8221;][et_pb_column type=&#8221;4_4&#8243; _builder_version=&#8221;3.25&#8243; custom_padding=&#8221;|||&#8221; _i=&#8221;0&#8243; _address=&#8221;1.0.0&#8243; custom_padding__hover=&#8221;|||&#8221;][et_pb_video src=&#8221;https:\/\/youtu.be\/lNx0bT_SWlE&#8221; image_src=&#8221;https:\/\/galapagos.raed.academy\/wp-content\/uploads\/2019\/07\/Islas-Galapagos-portada-video1-430px.jpg&#8221; use_icon_font_size=&#8221;on&#8221; thumbnail_overlay_color=&#8221;rgba(0,0,0,0.6)&#8221; _builder_version=&#8221;3.29.3&#8243; min_height=&#8221;270px&#8221; _i=&#8221;0&#8243; _address=&#8221;1.0.0.0&#8243;][\/et_pb_video][et_pb_video src=&#8221;https:\/\/youtu.be\/XfAcI-ATE6c&#8221; image_src=&#8221;https:\/\/galapagos.raed.academy\/wp-content\/uploads\/2019\/07\/Islas-Galapagos-portada-video2-430px.jpg&#8221; use_icon_font_size=&#8221;on&#8221; thumbnail_overlay_color=&#8221;rgba(0,0,0,0.6)&#8221; _builder_version=&#8221;3.29.3&#8243; min_height=&#8221;270px&#8221; _i=&#8221;1&#8243; _address=&#8221;1.0.0.1&#8243;][\/et_pb_video][et_pb_video src=&#8221;https:\/\/youtu.be\/4Jaj-aWqykM&#8221; image_src=&#8221;https:\/\/galapagos.raed.academy\/wp-content\/uploads\/2019\/07\/Islas-Galapagos-portada-video3.jpg&#8221; use_icon_font_size=&#8221;on&#8221; thumbnail_overlay_color=&#8221;rgba(0,0,0,0.6)&#8221; _builder_version=&#8221;3.29.3&#8243; _i=&#8221;2&#8243; _address=&#8221;1.0.0.2&#8243;][\/et_pb_video][\/et_pb_column][\/et_pb_row][et_pb_row use_custom_gutter=&#8221;on&#8221; gutter_width=&#8221;2&#8243; make_equal=&#8221;on&#8221; _builder_version=&#8221;3.25&#8243; _i=&#8221;1&#8243; _address=&#8221;1.1&#8243;][et_pb_column type=&#8221;4_4&#8243; _builder_version=&#8221;3.25&#8243; custom_padding=&#8221;|||&#8221; _i=&#8221;0&#8243; _address=&#8221;1.1.0&#8243; custom_padding__hover=&#8221;|||&#8221;][et_pb_text _builder_version=&#8221;3.27.4&#8243; _i=&#8221;0&#8243; _address=&#8221;1.1.0.0&#8243;]<\/p>\n<blockquote>\n<p>A marine sanctuary with the largest biomass of sharks and unique species in the world allows you to contemplate nature in its maximum splendor<\/p>\n<\/blockquote>\n<p>[\/et_pb_text][\/et_pb_column][\/et_pb_row][\/et_pb_section]<\/p>\n","protected":false},"excerpt":{"rendered":"<p>A marine sanctuary with the largest biomass of sharks and unique species in the world allows you to contemplate nature in its maximum splendor<\/p>\n","protected":false},"author":1,"featured_media":0,"parent":0,"menu_order":0,"comment_status":"closed","ping_status":"closed","template":"","meta":{"_et_pb_use_builder":"on","_et_pb_old_content":"","_et_gb_content_width":"","footnotes":""},"class_list":["post-1307","page","type-page","status-publish","hentry"],"yoast_head":"<!-- This site is optimized with the Yoast SEO plugin v26.8 - https:\/\/yoast.com\/product\/yoast-seo-wordpress\/ -->\n<title>Videos &#8226; Expedici\u00f3n cient\u00edfica a las Islas Gal\u00e1pagos<\/title>\n<meta name=\"robots\" content=\"index, follow, max-snippet:-1, max-image-preview:large, max-video-preview:-1\" \/>\n<link rel=\"canonical\" href=\"https:\/\/galapagos.raed.academy\/en\/videos\/\" \/>\n<meta property=\"og:locale\" content=\"en_US\" \/>\n<meta property=\"og:type\" content=\"article\" \/>\n<meta property=\"og:title\" content=\"Videos &#8226; Expedici\u00f3n cient\u00edfica a las Islas Gal\u00e1pagos\" \/>\n<meta property=\"og:description\" content=\"A marine sanctuary with the largest biomass of sharks and unique species in the world allows you to contemplate nature in its maximum splendor\" \/>\n<meta property=\"og:url\" content=\"https:\/\/galapagos.raed.academy\/en\/videos\/\" \/>\n<meta property=\"og:site_name\" content=\"Expedici\u00f3n cient\u00edfica a las Islas Gal\u00e1pagos\" \/>\n<meta property=\"article:modified_time\" content=\"2019-12-17T09:59:14+00:00\" \/>\n<meta name=\"twitter:card\" content=\"summary_large_image\" \/>\n<meta name=\"twitter:label1\" content=\"Est. reading time\" \/>\n\t<meta name=\"twitter:data1\" content=\"1 minute\" \/>\n<script type=\"application\/ld+json\" class=\"yoast-schema-graph\">{\"@context\":\"https:\/\/schema.org\",\"@graph\":[{\"@type\":\"WebPage\",\"@id\":\"https:\/\/galapagos.raed.academy\/en\/videos\/\",\"url\":\"https:\/\/galapagos.raed.academy\/en\/videos\/\",\"name\":\"Videos &#8226; Expedici\u00f3n cient\u00edfica a las Islas Gal\u00e1pagos\",\"isPartOf\":{\"@id\":\"https:\/\/galapagos.raed.academy\/#website\"},\"datePublished\":\"2019-07-10T10:45:10+00:00\",\"dateModified\":\"2019-12-17T09:59:14+00:00\",\"breadcrumb\":{\"@id\":\"https:\/\/galapagos.raed.academy\/en\/videos\/#breadcrumb\"},\"inLanguage\":\"en-US\",\"potentialAction\":[{\"@type\":\"ReadAction\",\"target\":[\"https:\/\/galapagos.raed.academy\/en\/videos\/\"]}]},{\"@type\":\"BreadcrumbList\",\"@id\":\"https:\/\/galapagos.raed.academy\/en\/videos\/#breadcrumb\",\"itemListElement\":[{\"@type\":\"ListItem\",\"position\":1,\"name\":\"Home\",\"item\":\"https:\/\/galapagos.raed.academy\/\"},{\"@type\":\"ListItem\",\"position\":2,\"name\":\"Videos\"}]},{\"@type\":\"WebSite\",\"@id\":\"https:\/\/galapagos.raed.academy\/#website\",\"url\":\"https:\/\/galapagos.raed.academy\/\",\"name\":\"Gal\u00e1pagos\",\"description\":\"Expedici\u00f3n cient\u00edfica a las Islas Gal\u00e1pagos y Ecuador\",\"publisher\":{\"@id\":\"https:\/\/galapagos.raed.academy\/#organization\"},\"potentialAction\":[{\"@type\":\"SearchAction\",\"target\":{\"@type\":\"EntryPoint\",\"urlTemplate\":\"https:\/\/galapagos.raed.academy\/?s={search_term_string}\"},\"query-input\":{\"@type\":\"PropertyValueSpecification\",\"valueRequired\":true,\"valueName\":\"search_term_string\"}}],\"inLanguage\":\"en-US\"},{\"@type\":\"Organization\",\"@id\":\"https:\/\/galapagos.raed.academy\/#organization\",\"name\":\"Real Academia Europea de Doctores\",\"url\":\"https:\/\/galapagos.raed.academy\/\",\"logo\":{\"@type\":\"ImageObject\",\"inLanguage\":\"en-US\",\"@id\":\"https:\/\/galapagos.raed.academy\/#\/schema\/logo\/image\/\",\"url\":\"\",\"contentUrl\":\"\",\"caption\":\"Real Academia Europea de Doctores\"},\"image\":{\"@id\":\"https:\/\/galapagos.raed.academy\/#\/schema\/logo\/image\/\"}}]}<\/script>\n<!-- \/ Yoast SEO plugin. -->","yoast_head_json":{"title":"Videos &#8226; Expedici\u00f3n cient\u00edfica a las Islas Gal\u00e1pagos","robots":{"index":"index","follow":"follow","max-snippet":"max-snippet:-1","max-image-preview":"max-image-preview:large","max-video-preview":"max-video-preview:-1"},"canonical":"https:\/\/galapagos.raed.academy\/en\/videos\/","og_locale":"en_US","og_type":"article","og_title":"Videos &#8226; Expedici\u00f3n cient\u00edfica a las Islas Gal\u00e1pagos","og_description":"A marine sanctuary with the largest biomass of sharks and unique species in the world allows you to contemplate nature in its maximum splendor","og_url":"https:\/\/galapagos.raed.academy\/en\/videos\/","og_site_name":"Expedici\u00f3n cient\u00edfica a las Islas Gal\u00e1pagos","article_modified_time":"2019-12-17T09:59:14+00:00","twitter_card":"summary_large_image","twitter_misc":{"Est. reading time":"1 minute"},"schema":{"@context":"https:\/\/schema.org","@graph":[{"@type":"WebPage","@id":"https:\/\/galapagos.raed.academy\/en\/videos\/","url":"https:\/\/galapagos.raed.academy\/en\/videos\/","name":"Videos &#8226; Expedici\u00f3n cient\u00edfica a las Islas Gal\u00e1pagos","isPartOf":{"@id":"https:\/\/galapagos.raed.academy\/#website"},"datePublished":"2019-07-10T10:45:10+00:00","dateModified":"2019-12-17T09:59:14+00:00","breadcrumb":{"@id":"https:\/\/galapagos.raed.academy\/en\/videos\/#breadcrumb"},"inLanguage":"en-US","potentialAction":[{"@type":"ReadAction","target":["https:\/\/galapagos.raed.academy\/en\/videos\/"]}]},{"@type":"BreadcrumbList","@id":"https:\/\/galapagos.raed.academy\/en\/videos\/#breadcrumb","itemListElement":[{"@type":"ListItem","position":1,"name":"Home","item":"https:\/\/galapagos.raed.academy\/"},{"@type":"ListItem","position":2,"name":"Videos"}]},{"@type":"WebSite","@id":"https:\/\/galapagos.raed.academy\/#website","url":"https:\/\/galapagos.raed.academy\/","name":"Gal\u00e1pagos","description":"Expedici\u00f3n cient\u00edfica a las Islas Gal\u00e1pagos y Ecuador","publisher":{"@id":"https:\/\/galapagos.raed.academy\/#organization"},"potentialAction":[{"@type":"SearchAction","target":{"@type":"EntryPoint","urlTemplate":"https:\/\/galapagos.raed.academy\/?s={search_term_string}"},"query-input":{"@type":"PropertyValueSpecification","valueRequired":true,"valueName":"search_term_string"}}],"inLanguage":"en-US"},{"@type":"Organization","@id":"https:\/\/galapagos.raed.academy\/#organization","name":"Real Academia Europea de Doctores","url":"https:\/\/galapagos.raed.academy\/","logo":{"@type":"ImageObject","inLanguage":"en-US","@id":"https:\/\/galapagos.raed.academy\/#\/schema\/logo\/image\/","url":"","contentUrl":"","caption":"Real Academia Europea de Doctores"},"image":{"@id":"https:\/\/galapagos.raed.academy\/#\/schema\/logo\/image\/"}}]}},"_links":{"self":[{"href":"https:\/\/galapagos.raed.academy\/en\/wp-json\/wp\/v2\/pages\/1307","targetHints":{"allow":["GET"]}}],"collection":[{"href":"https:\/\/galapagos.raed.academy\/en\/wp-json\/wp\/v2\/pages"}],"about":[{"href":"https:\/\/galapagos.raed.academy\/en\/wp-json\/wp\/v2\/types\/page"}],"author":[{"embeddable":true,"href":"https:\/\/galapagos.raed.academy\/en\/wp-json\/wp\/v2\/users\/1"}],"replies":[{"embeddable":true,"href":"https:\/\/galapagos.raed.academy\/en\/wp-json\/wp\/v2\/comments?post=1307"}],"version-history":[{"count":1,"href":"https:\/\/galapagos.raed.academy\/en\/wp-json\/wp\/v2\/pages\/1307\/revisions"}],"predecessor-version":[{"id":1446,"href":"https:\/\/galapagos.raed.academy\/en\/wp-json\/wp\/v2\/pages\/1307\/revisions\/1446"}],"wp:attachment":[{"href":"https:\/\/galapagos.raed.academy\/en\/wp-json\/wp\/v2\/media?parent=1307"}],"curies":[{"name":"wp","href":"https:\/\/api.w.org\/{rel}","templated":true}]}}